{"id":60,"date":"2018-10-10T08:55:57","date_gmt":"2018-10-10T06:55:57","guid":{"rendered":"http:\/\/192.168.100.2\/wordpress\/?page_id=60"},"modified":"2023-03-14T13:45:19","modified_gmt":"2023-03-14T12:45:19","slug":"centre-dhebergement","status":"publish","type":"page","link":"\/index.php\/centre-dhebergement\/","title":{"rendered":"Centre d&rsquo;h\u00e9bergement"},"content":{"rendered":"<div class=\"wpb-content-wrapper\">[vc_row fullwidth=\u00a0\u00bbtrue\u00a0\u00bb column_padding=\u00a0\u00bb2&Prime; parallax=\u00a0\u00bbcontent-moving-fade\u00a0\u00bb parallax_image=\u00a0\u00bb359&Prime; parallax_speed_bg=\u00a0\u00bb1&Prime; css=\u00a0\u00bb.vc_custom_1612184175160{margin-top: -50px !important;margin-bottom: -100px !important;margin-left: -100px !important;padding-top: 200px !important;padding-bottom: px !important;}\u00a0\u00bb el_class=\u00a0\u00bbaccpb\u00a0\u00bb][vc_column width=\u00a0\u00bb1\/4&Prime; offset=\u00a0\u00bbvc_hidden-xs\u00a0\u00bb][\/vc_column][vc_column width=\u00a0\u00bb1\/2&Prime; css=\u00a0\u00bb.vc_custom_1612184192819{margin-bottom: px !important;border-bottom-width: px !important;padding-left: 100px !important;}\u00a0\u00bb][mk_page_title_box page_title=\u00a0\u00bbCentres d&rsquo;h\u00e9bergement\u00a0\u00bb section_height=\u00a0\u00bb200&Prime; bg_type=\u00a0\u00bbcolor\u00a0\u00bb bg_color=\u00a0\u00bbrgba(10,10,10,0.62)\u00a0\u00bb font_size=\u00a0\u00bb36&Prime; font_color=\u00a0\u00bb#ffffff\u00a0\u00bb underline=\u00a0\u00bbfalse\u00a0\u00bb][\/vc_column][vc_column width=\u00a0\u00bb1\/4&Prime; offset=\u00a0\u00bbvc_hidden-xs\u00a0\u00bb][\/vc_column][\/vc_row][vc_row fullwidth=\u00a0\u00bbtrue\u00a0\u00bb css=\u00a0\u00bb.vc_custom_1540369241012{padding: 30px !important;background-color: #78ab42 !important;}\u00a0\u00bb][vc_column][vc_column_text align=\u00a0\u00bbcenter\u00a0\u00bb css=\u00a0\u00bb.vc_custom_1612184028742{margin-top: px !important;margin-bottom: px !important;}\u00a0\u00bb]\n<h1>Nos h\u00e9bergements sp\u00e9cialis\u00e9s<\/h1>\n[\/vc_column_text][vc_separator color=\u00a0\u00bbwhite\u00a0\u00bb el_width=\u00a0\u00bb50&Prime;][\/vc_column][\/vc_row][vc_row fullwidth=\u00a0\u00bbtrue\u00a0\u00bb parallax=\u00a0\u00bbcontent-moving\u00a0\u00bb css=\u00a0\u00bb.vc_custom_1612183793743{margin-left: px !important;}\u00a0\u00bb][vc_column width=\u00a0\u00bb2\/3&Prime; css=\u00a0\u00bb.vc_custom_1612183782851{margin-right: px !important;margin-left: px !important;}\u00a0\u00bb][vc_empty_space height=\u00a0\u00bb30px\u00a0\u00bb][vc_column_text disable_pattern=\u00a0\u00bbfalse\u00a0\u00bb css=\u00a0\u00bb.vc_custom_1612184234470{margin-right: -370px !important;margin-bottom: -70px !important;margin-left: 150px !important;padding-top: 30px !important;padding-right: 30px !important;padding-bottom: 20px !important;padding-left: 30px !important;background-color: #ffffff !important;}\u00a0\u00bb]\n<h1 style=\"text-align: center;\"><span style=\"color: #000000;\">Dans le cadre du Dispositif National d&rsquo;Accueil (DNA)<\/span><\/h1>\n<p style=\"text-align: left;\"><span style=\"color: #000000;\">Les centres HUDA, CADA et CPH h\u00e9bergent les r\u00e9sidents (demandeurs d&rsquo;asile ou b\u00e9n\u00e9ficiaires d&rsquo;une protection internationale) dans des appartements autonomes r\u00e9partis soit dans un m\u00eame b\u00e2timent collectif (La Chapelle Saint Luc), soit dans diff\u00e9rents b\u00e2timents du m\u00eame quartier (Vendeuvre sur Barse, Bar sur Aube, Langres), ou des quartiers diff\u00e9rents (Charleville-M\u00e9zi\u00e8res, Chaumont).<\/span><\/p>\n<p style=\"text-align: left;\"><span style=\"color: #000000;\">En fonction des compositions familiales, les m\u00e9nages partagent ou non leurs lieux d&rsquo;h\u00e9bergement en cohabitation.<\/span><\/p>\n[\/vc_column_text][vc_empty_space height=\u00a0\u00bb100px\u00a0\u00bb css=\u00a0\u00bb.vc_custom_1612183412012{margin-bottom: -100px !important;}\u00a0\u00bb][vc_empty_space height=\u00a0\u00bb100px\u00a0\u00bb][\/vc_column][\/vc_row][vc_row fullwidth=\u00a0\u00bbtrue\u00a0\u00bb parallax=\u00a0\u00bbcontent-moving\u00a0\u00bb css=\u00a0\u00bb.vc_custom_1612178263300{margin-left: 50px !important;}\u00a0\u00bb][vc_column width=\u00a0\u00bb2\/3&Prime; css=\u00a0\u00bb.vc_custom_1612180783135{margin-right: 50px !important;margin-left: 50px !important;}\u00a0\u00bb][vc_column_text disable_pattern=\u00a0\u00bbfalse\u00a0\u00bb css=\u00a0\u00bb.vc_custom_1612874208555{margin-right: -200px !important;margin-bottom: -70px !important;margin-left: 250px !important;padding-top: 30px !important;padding-right: 30px !important;padding-bottom: 20px !important;padding-left: 30px !important;background-color: #ffffff !important;}\u00a0\u00bb]\n<h2><span style=\"color: #78ab42;\">CADA<\/span><\/h2>\n<p><span style=\"color: #000000;\">Conform\u00e9ment \u00e0 l&rsquo;arr\u00eat\u00e9 du 19 juin 2019, les missions principales des CADA vis-\u00e0-vis des demandeurs d&rsquo;asile sont:&nbsp;<\/span><\/p>\n<ul>\n<li><span style=\"color: #000000;\">&#8211; l&rsquo;accueil, l&rsquo;h\u00e9bergement et la domiciliation<\/span><\/li>\n<li><span style=\"color: #000000;\">&#8211; l&rsquo;accompagnement dans les d\u00e9marches administratives et juridiques,&nbsp;<\/span><\/li>\n<li><span style=\"color: #000000;\">&#8211; l&rsquo;accompagnement sanitaire et social<\/span><\/li>\n<li><span style=\"color: #000000;\">&#8211; le d\u00e9veloppement de partenariats avec les collectivit\u00e9s locales et le tissu associatif<\/span><\/li>\n<li><span style=\"color: #000000;\">&#8211; l&rsquo;accompagnement \u00e0 la sortie, notamment vers le logement<\/span><\/li>\n<\/ul>\n[\/vc_column_text][vc_empty_space height=\u00a0\u00bb100px\u00a0\u00bb][\/vc_column][\/vc_row][vc_row fullwidth=\u00a0\u00bbtrue\u00a0\u00bb parallax=\u00a0\u00bbcontent-moving\u00a0\u00bb css=\u00a0\u00bb.vc_custom_1612178263300{margin-left: 50px !important;}\u00a0\u00bb][vc_column width=\u00a0\u00bb2\/3&Prime; css=\u00a0\u00bb.vc_custom_1612180783135{margin-right: 50px !important;margin-left: 50px !important;}\u00a0\u00bb][vc_column_text disable_pattern=\u00a0\u00bbfalse\u00a0\u00bb css=\u00a0\u00bb.vc_custom_1612874483874{margin-right: -200px !important;margin-bottom: -70px !important;margin-left: 250px !important;padding-top: 30px !important;padding-right: 30px !important;padding-bottom: 20px !important;padding-left: 30px !important;background-color: #ffffff !important;}\u00a0\u00bb]\n<h2><span style=\"color: #78ab42;\">HUDA<\/span><\/h2>\n<p><span style=\"color: #000000;\">Les H\u00e9bergement d&rsquo;Urgence pour Demandeurs d&rsquo;Asile (HUDA) sont des h\u00e9bergements temporaires, accueillants les demandeurs d&rsquo;asile durant la dur\u00e9e d&rsquo;instruction des demandes d&rsquo;asile et con\u00e7us comme un temps de pr\u00e9paration au transfert pour les demandeurs d&rsquo;asile faisant l&rsquo;objet d&rsquo;une proc\u00e9dure Dublin.<br \/>\n<\/span><span style=\"color: #000000;\">Selon l&rsquo;arr\u00eat\u00e9 du 19 juin 2019,<\/span><span style=\"color: #000000;\"> les missions principales des HUDA sont les suivantes:&nbsp;<\/span><\/p>\n<ul>\n<li><span style=\"color: #000000;\">&#8211; l&rsquo;accueil, l&rsquo;h\u00e9bergement et la domiciliation<\/span><\/li>\n<li><span style=\"color: #000000;\">&#8211; l&rsquo;accompagnement dans les d\u00e9marches administratives et juridiques,&nbsp;<\/span><\/li>\n<li><span style=\"color: #000000;\">&#8211; l&rsquo;accompagnement sanitaire et social<\/span><\/li>\n<li><span style=\"color: #000000;\">&#8211; le d\u00e9veloppement de partenariats avec les collectivit\u00e9s locales et le tissu associatif<\/span><\/li>\n<li><span style=\"color: #000000;\">&#8211; l&rsquo;accompagnement \u00e0 la sortie du lieu d&rsquo;h\u00e9bergement, notamment vers le logement<\/span><\/li>\n<\/ul>\n[\/vc_column_text][vc_empty_space height=\u00a0\u00bb100px\u00a0\u00bb][\/vc_column][\/vc_row][vc_row fullwidth=\u00a0\u00bbtrue\u00a0\u00bb css=\u00a0\u00bb.vc_custom_1540369241012{padding: 30px !important;background-color: #78ab42 !important;}\u00a0\u00bb][vc_column css=\u00a0\u00bb.vc_custom_1612177365218{margin-top: px !important;}\u00a0\u00bb][vc_column_text align=\u00a0\u00bbcenter\u00a0\u00bb css=\u00a0\u00bb.vc_custom_1612177400854{margin-bottom: 0px !important;}\u00a0\u00bb]\n<h1>Nos autres h\u00e9bergements<\/h1>\n[\/vc_column_text][vc_separator color=\u00a0\u00bbwhite\u00a0\u00bb el_width=\u00a0\u00bb50&Prime;][\/vc_column][\/vc_row][vc_row fullwidth=\u00a0\u00bbtrue\u00a0\u00bb parallax=\u00a0\u00bbcontent-moving\u00a0\u00bb css=\u00a0\u00bb.vc_custom_1612178263300{margin-left: 50px !important;}\u00a0\u00bb][vc_column width=\u00a0\u00bb2\/3&Prime; css=\u00a0\u00bb.vc_custom_1612180783135{margin-right: 50px !important;margin-left: 50px !important;}\u00a0\u00bb][vc_empty_space][vc_column_text disable_pattern=\u00a0\u00bbfalse\u00a0\u00bb css=\u00a0\u00bb.vc_custom_1612874838658{margin-right: -200px !important;margin-bottom: -70px !important;margin-left: 250px !important;padding-top: 30px !important;padding-right: 30px !important;padding-bottom: 20px !important;padding-left: 30px !important;background-color: #ffffff !important;}\u00a0\u00bb]\n<h2><span style=\"color: #78ab42;\">HU<\/span><\/h2>\n<p><span style=\"color: #000000;\">L&rsquo;H\u00e9bergement d&rsquo;Urgence a pour objectif d&rsquo;assurer la protection et le g\u00eete par une mise \u00e0 l&rsquo;abri des personnes \u00e0 la rue. Il accueille des personnes sans-abri en situation de d\u00e9tresse m\u00e9dicale, psychique ou sociale, qu&rsquo;elles soient isol\u00e9es, en couple ou en famille.<\/span><\/p>\n<p><span style=\"color: #000000;\">Le SIAO oriente les personnes vers ces structures ou valide leur admission \u00e0 posteriori. <\/span><\/p>\n<p><span style=\"color: #000000;\">L&rsquo;H\u00e9bergement d&rsquo;Urgence r\u00e9pond aux principes d&rsquo;inconditionnalit\u00e9 de l&rsquo;accueil et de continuit\u00e9 de la prise en charge.&nbsp;<\/span><\/p>\n<div id=\"1612537969.000200\" tabindex=\"-1\" role=\"listitem\" aria-expanded=\"false\" data-qa=\"virtual-list-item\">\n<div role=\"document\" data-qa=\"message_container\" data-qa-unprocessed=\"false\" data-qa-placeholder=\"false\">\n<div role=\"document\" data-qa-hover=\"true\">\n<div role=\"group\">\n<p role=\"group\" aria-label=\"Raccourcis messages\" data-qa=\"message-actions\"><\/div>\n<\/div>\n<\/div>\n<\/div>\n<div id=\"1612537983.000400\" class=\"c-virtual_list__item\" tabindex=\"-1\" role=\"listitem\" aria-expanded=\"false\" data-qa=\"virtual-list-item\">\n<div class=\"c-message_kit__background p-message_pane_message__message c-message_kit__message\" role=\"document\" data-qa=\"message_container\" data-qa-unprocessed=\"false\" data-qa-placeholder=\"false\">\n<div class=\"c-message_kit__hover\" role=\"document\" data-qa-hover=\"true\">\n<div class=\"c-message_kit__actions c-message_kit__actions--above\">\n<div class=\"c-message_kit__labels__offscreen_message\" aria-live=\"assertive\"><\/div>\n<\/div>\n<\/div>\n<\/div>\n<\/div>\n[\/vc_column_text][vc_empty_space height=\u00a0\u00bb100px\u00a0\u00bb css=\u00a0\u00bb.vc_custom_1612183541804{margin-bottom: 0px !important;}\u00a0\u00bb][\/vc_column][\/vc_row][vc_row fullwidth=\u00a0\u00bbtrue\u00a0\u00bb parallax=\u00a0\u00bbcontent-moving\u00a0\u00bb css=\u00a0\u00bb.vc_custom_1612178263300{margin-left: 50px !important;}\u00a0\u00bb][vc_column width=\u00a0\u00bb2\/3&Prime; css=\u00a0\u00bb.vc_custom_1612180783135{margin-right: 50px !important;margin-left: 50px !important;}\u00a0\u00bb][vc_column_text disable_pattern=\u00a0\u00bbfalse\u00a0\u00bb css=\u00a0\u00bb.vc_custom_1612874928194{margin-right: -200px !important;margin-bottom: -70px !important;margin-left: 250px !important;padding-top: 30px !important;padding-right: 30px !important;padding-bottom: 20px !important;padding-left: 30px !important;background-color: #ffffff !important;}\u00a0\u00bb]\n<h2><span style=\"color: #78ab42;\">ALT<\/span><\/h2>\n<p><span style=\"color: #000000;\">Les logements \u00ab\u00a0Allocation au Logement Temporaire\u00a0\u00bb permettent l&rsquo;h\u00e9bergement \u00e0 titre temporaire de personnes d\u00e9favoris\u00e9es sans logement et, qui ne peuvent pas \u00eatre h\u00e9berg\u00e9es en CHRS, avant l&rsquo;acc\u00e8s \u00e0 un logement autonome ouvrant droit aux aides personnelles au logement de droit commun.&nbsp;<\/span>[\/vc_column_text][vc_empty_space height=\u00a0\u00bb100px\u00a0\u00bb][\/vc_column][\/vc_row]\n<\/div>","protected":false},"excerpt":{"rendered":"<p>[vc_row fullwidth=\u00a0\u00bbtrue\u00a0\u00bb column_padding=\u00a0\u00bb2&Prime; parallax=\u00a0\u00bbcontent-moving-fade\u00a0\u00bb parallax_image=\u00a0\u00bb359&Prime; parallax_speed_bg=\u00a0\u00bb1&Prime; css=\u00a0\u00bb.vc_custom_1612184175160{margin-top: -50px !important;margin-bottom: -100px !important;margin-left: -100px !important;padding-top: 200px !important;padding-bottom: px !important;}\u00a0\u00bb el_class=\u00a0\u00bbaccpb\u00a0\u00bb][vc_column width=\u00a0\u00bb1\/4&Prime; offset=\u00a0\u00bbvc_hidden-xs\u00a0\u00bb][\/vc_column][vc_column width=\u00a0\u00bb1\/2&Prime; css=\u00a0\u00bb.vc_custom_1612184192819{margin-bottom: px !important;border-bottom-width: px !important;padding-left: 100px !important;}\u00a0\u00bb][mk_page_title_box page_title=\u00a0\u00bbCentres d&rsquo;h\u00e9bergement\u00a0\u00bb section_height=\u00a0\u00bb200&Prime; bg_type=\u00a0\u00bbcolor\u00a0\u00bb bg_color=\u00a0\u00bbrgba(10,10,10,0.62)\u00a0\u00bb font_size=\u00a0\u00bb36&Prime; font_color=\u00a0\u00bb#ffffff\u00a0\u00bb underline=\u00a0\u00bbfalse\u00a0\u00bb][\/vc_column][vc_column width=\u00a0\u00bb1\/4&Prime; offset=\u00a0\u00bbvc_hidden-xs\u00a0\u00bb][\/vc_column][\/vc_row][vc_row fullwidth=\u00a0\u00bbtrue\u00a0\u00bb css=\u00a0\u00bb.vc_custom_1540369241012{padding: 30px !important;background-color: #78ab42 !important;}\u00a0\u00bb][vc_column][vc_column_text align=\u00a0\u00bbcenter\u00a0\u00bb css=\u00a0\u00bb.vc_custom_1612184028742{margin-top: px !important;margin-bottom: px !important;}\u00a0\u00bb] Nos h\u00e9bergements sp\u00e9cialis\u00e9s [\/vc_column_text][vc_separator color=\u00a0\u00bbwhite\u00a0\u00bb [&hellip;]<\/p>\n","protected":false},"author":1,"featured_media":0,"parent":0,"menu_order":0,"comment_status":"closed","ping_status":"closed","template":"","meta":{"footnotes":""},"class_list":["post-60","page","type-page","status-publish","hentry"],"jetpack_sharing_enabled":true,"_links":{"self":[{"href":"\/index.php\/wp-json\/wp\/v2\/pages\/60","targetHints":{"allow":["GET"]}}],"collection":[{"href":"\/index.php\/wp-json\/wp\/v2\/pages"}],"about":[{"href":"\/index.php\/wp-json\/wp\/v2\/types\/page"}],"author":[{"embeddable":true,"href":"\/index.php\/wp-json\/wp\/v2\/users\/1"}],"replies":[{"embeddable":true,"href":"\/index.php\/wp-json\/wp\/v2\/comments?post=60"}],"version-history":[{"count":77,"href":"\/index.php\/wp-json\/wp\/v2\/pages\/60\/revisions"}],"predecessor-version":[{"id":3409,"href":"\/index.php\/wp-json\/wp\/v2\/pages\/60\/revisions\/3409"}],"wp:attachment":[{"href":"\/index.php\/wp-json\/wp\/v2\/media?parent=60"}],"curies":[{"name":"wp","href":"https:\/\/api.w.org\/{rel}","templated":true}]}}