{"id":3399,"date":"2023-03-10T15:46:54","date_gmt":"2023-03-10T14:46:54","guid":{"rendered":"\/?page_id=3399"},"modified":"2023-04-13T13:42:41","modified_gmt":"2023-04-13T11:42:41","slug":"accompagnement-des-bpi","status":"publish","type":"page","link":"\/index.php\/accompagnement-des-bpi\/","title":{"rendered":"Accompagnement des r\u00e9fugi\u00e9s"},"content":{"rendered":"<div class=\"wpb-content-wrapper\">[vc_row fullwidth=\u00a0\u00bbtrue\u00a0\u00bb column_padding=\u00a0\u00bb2&Prime; parallax=\u00a0\u00bbcontent-moving-fade\u00a0\u00bb parallax_image=\u00a0\u00bb359&Prime; parallax_speed_bg=\u00a0\u00bb1&Prime; css=\u00a0\u00bb.vc_custom_1612184175160{margin-top: -50px !important;margin-bottom: -100px !important;margin-left: -100px !important;padding-top: 200px !important;padding-bottom: px !important;}\u00a0\u00bb el_class=\u00a0\u00bbaccpb\u00a0\u00bb][vc_column width=\u00a0\u00bb1\/4&Prime; offset=\u00a0\u00bbvc_hidden-xs\u00a0\u00bb][\/vc_column][vc_column width=\u00a0\u00bb1\/2&Prime; css=\u00a0\u00bb.vc_custom_1612184192819{margin-bottom: px !important;border-bottom-width: px !important;padding-left: 100px !important;}\u00a0\u00bb][mk_page_title_box page_title=\u00a0\u00bbAccompagnement des r\u00e9fugi\u00e9s\u00a0\u00bb section_height=\u00a0\u00bb200&Prime; bg_type=\u00a0\u00bbcolor\u00a0\u00bb bg_color=\u00a0\u00bbrgba(10,10,10,0.62)\u00a0\u00bb font_size=\u00a0\u00bb36&Prime; font_color=\u00a0\u00bb#ffffff\u00a0\u00bb underline=\u00a0\u00bbfalse\u00a0\u00bb][\/vc_column][vc_column width=\u00a0\u00bb1\/4&Prime; offset=\u00a0\u00bbvc_hidden-xs\u00a0\u00bb][\/vc_column][\/vc_row][vc_row fullwidth=\u00a0\u00bbtrue\u00a0\u00bb css=\u00a0\u00bb.vc_custom_1540369241012{padding: 30px !important;background-color: #78ab42 !important;}\u00a0\u00bb][vc_column][vc_column_text align=\u00a0\u00bbcenter\u00a0\u00bb css=\u00a0\u00bb.vc_custom_1678460340613{margin-top: px !important;margin-bottom: px !important;}\u00a0\u00bb]\n<h1>Centre Provisoire d&rsquo;H\u00e9bergement<\/h1>\n[\/vc_column_text][vc_separator color=\u00a0\u00bbwhite\u00a0\u00bb el_width=\u00a0\u00bb50&Prime;][\/vc_column][\/vc_row][vc_row fullwidth=\u00a0\u00bbtrue\u00a0\u00bb parallax=\u00a0\u00bbcontent-moving\u00a0\u00bb css=\u00a0\u00bb.vc_custom_1612178263300{margin-left: 50px !important;}\u00a0\u00bb][vc_column width=\u00a0\u00bb2\/3&Prime; css=\u00a0\u00bb.vc_custom_1612180783135{margin-right: 50px !important;margin-left: 50px !important;}\u00a0\u00bb][vc_column_text disable_pattern=\u00a0\u00bbfalse\u00a0\u00bb css=\u00a0\u00bb.vc_custom_1612874418210{margin-right: -200px !important;margin-bottom: -70px !important;margin-left: 250px !important;padding-top: 30px !important;padding-right: 30px !important;padding-bottom: 20px !important;padding-left: 30px !important;background-color: #ffffff !important;}\u00a0\u00bb]\n<h2><span style=\"color: #78ab42;\">CPH<\/span><\/h2>\n<p><span style=\"color: #000000;\">Conform\u00e9ment \u00e0 l&rsquo;information du 18 avril 2019 relative aux missions et au fonctionnement des Centre Provisoires d&rsquo;H\u00e9bergement, les missions principales du CPH vis-\u00e0-vis des R\u00e9fugi\u00e9s et des b\u00e9n\u00e9ficiaires de la Protection Subsidiaire pris en charges sont:&nbsp;<\/span><\/p>\n<ul>\n<li><span style=\"color: #000000;\">&#8211; l&rsquo;accompagnement dans les d\u00e9marches administratives et juridiques et le maintien aux droits,<\/span><\/li>\n<li><span style=\"color: #000000;\">&#8211; l&rsquo;accompagnement sanitaire et social,&nbsp;<\/span><\/li>\n<li><span style=\"color: #000000;\">&#8211; l&rsquo;accompagnement vers une formation linguistique,&nbsp;<\/span><\/li>\n<li><span style=\"color: #000000;\">&#8211; l&rsquo;accompagnement \u00e0 la scolarisation et le soutien \u00e0 la parentalit\u00e9,&nbsp;<\/span><\/li>\n<li><span style=\"color: #000000;\">&#8211; l&rsquo;accompagnement vers des activit\u00e9s sportives, culturelles ou de loisirs,&nbsp;<\/span><\/li>\n<li><span style=\"color: #000000;\">&#8211; la mobilisation de logement, l&rsquo;accompagnement \u00e0 la sortie du centre et \u00e0 l&rsquo;acc\u00e8s \u00e0 un logement p\u00e9renne.&nbsp;<\/span><\/li>\n<\/ul>\n[\/vc_column_text][vc_empty_space height=\u00a0\u00bb100px\u00a0\u00bb css=\u00a0\u00bb.vc_custom_1612183533364{margin-bottom: 0px !important;}\u00a0\u00bb][\/vc_column][\/vc_row][vc_row fullwidth=\u00a0\u00bbtrue\u00a0\u00bb css=\u00a0\u00bb.vc_custom_1540369241012{padding: 30px !important;background-color: #78ab42 !important;}\u00a0\u00bb][vc_column css=\u00a0\u00bb.vc_custom_1612177365218{margin-top: px !important;}\u00a0\u00bb][vc_column_text align=\u00a0\u00bbcenter\u00a0\u00bb css=\u00a0\u00bb.vc_custom_1678459994126{margin-bottom: 0px !important;}\u00a0\u00bb]\n<h1>Accompagnement Dans le Logement des R\u00e9fugi\u00e9s<\/h1>\n[\/vc_column_text][vc_separator color=\u00a0\u00bbwhite\u00a0\u00bb el_width=\u00a0\u00bb50&Prime;][\/vc_column][\/vc_row][vc_row fullwidth=\u00a0\u00bbtrue\u00a0\u00bb parallax=\u00a0\u00bbcontent-moving\u00a0\u00bb css=\u00a0\u00bb.vc_custom_1612178263300{margin-left: 50px !important;}\u00a0\u00bb][vc_column width=\u00a0\u00bb2\/3&Prime; css=\u00a0\u00bb.vc_custom_1612180783135{margin-right: 50px !important;margin-left: 50px !important;}\u00a0\u00bb][vc_empty_space][vc_column_text disable_pattern=\u00a0\u00bbfalse\u00a0\u00bb css=\u00a0\u00bb.vc_custom_1678460298527{margin-right: -200px !important;margin-bottom: -70px !important;margin-left: 250px !important;padding-top: 30px !important;padding-right: 30px !important;padding-bottom: 20px !important;padding-left: 30px !important;background-color: #ffffff !important;}\u00a0\u00bb]\n<h2><span style=\"color: #78ab42;\">ADLER<\/span><\/h2>\n<p><span style=\"color: #000000;\">Le service d\u2019Accompagnement Dans le Logement et vers l\u2019Emploi des R\u00e9fugi\u00e9s r\u00e9pond aux besoins sp\u00e9cifiques des m\u00e9nages ayant obtenu une protection mais insuffisamment autonome pour jouir pleinement des droit sociaux qui leur sont ouverts.<\/span><\/p>\n<p><span style=\"color: #000000;\">Les prescripteurs adressent au service ADLER une fiche d&rsquo;orientation, puis une rencontre est organis\u00e9 entre ces derniers, le b\u00e9n\u00e9ficiaire et les r\u00e9f\u00e9rents du dispositif.<\/span><\/p>\n<p><span style=\"color: #000000;\">L&rsquo;H\u00e9bergement d&rsquo;Urgence r\u00e9pond aux principes d&rsquo;inconditionnalit\u00e9 de l&rsquo;accueil et de continuit\u00e9 de la prise en charge.\u00a0<\/span><\/p>\n<div id=\"1612537969.000200\" tabindex=\"-1\" role=\"listitem\" aria-expanded=\"false\" data-qa=\"virtual-list-item\">\n<div role=\"document\" data-qa=\"message_container\" data-qa-unprocessed=\"false\" data-qa-placeholder=\"false\">\n<div role=\"document\" data-qa-hover=\"true\">\n<div role=\"group\">\n<p role=\"group\" aria-label=\"Raccourcis messages\" data-qa=\"message-actions\"><span style=\"color: #000000;\">Une fois les axes de travail commun retenues, un contrat d&rsquo;engagement est sign\u00e9.<\/span><\/p>\n<\/div>\n<\/div>\n<\/div>\n<\/div>\n<div id=\"1612537983.000400\" class=\"c-virtual_list__item\" tabindex=\"-1\" role=\"listitem\" aria-expanded=\"false\" data-qa=\"virtual-list-item\">\n<div class=\"c-message_kit__background p-message_pane_message__message c-message_kit__message\" role=\"document\" data-qa=\"message_container\" data-qa-unprocessed=\"false\" data-qa-placeholder=\"false\">\n<div class=\"c-message_kit__hover\" role=\"document\" data-qa-hover=\"true\">\n<div class=\"c-message_kit__actions c-message_kit__actions--above\">\n<div class=\"c-message_kit__labels__offscreen_message\" aria-live=\"assertive\"><\/div>\n<\/div>\n<\/div>\n<\/div>\n<\/div>\n[\/vc_column_text][vc_empty_space height=\u00a0\u00bb100px\u00a0\u00bb css=\u00a0\u00bb.vc_custom_1612183541804{margin-bottom: 0px !important;}\u00a0\u00bb][\/vc_column][\/vc_row][vc_row fullwidth=\u00a0\u00bbtrue\u00a0\u00bb css=\u00a0\u00bb.vc_custom_1540369241012{padding: 30px !important;background-color: #78ab42 !important;}\u00a0\u00bb][vc_column css=\u00a0\u00bb.vc_custom_1612177365218{margin-top: px !important;}\u00a0\u00bb][vc_column_text align=\u00a0\u00bbcenter\u00a0\u00bb css=\u00a0\u00bb.vc_custom_1681379556834{margin-bottom: 0px !important;}\u00a0\u00bb]\n<h1>Accompagnement Global et Individualis\u00e9 des R\u00e9fugi\u00e9s<\/h1>\n[\/vc_column_text][vc_separator color=\u00a0\u00bbwhite\u00a0\u00bb el_width=\u00a0\u00bb50&Prime;][\/vc_column][\/vc_row][vc_row fullwidth=\u00a0\u00bbtrue\u00a0\u00bb parallax=\u00a0\u00bbcontent-moving\u00a0\u00bb css=\u00a0\u00bb.vc_custom_1612178263300{margin-left: 50px !important;}\u00a0\u00bb][vc_column width=\u00a0\u00bb2\/3&Prime; css=\u00a0\u00bb.vc_custom_1612180783135{margin-right: 50px !important;margin-left: 50px !important;}\u00a0\u00bb][vc_empty_space][vc_column_text disable_pattern=\u00a0\u00bbfalse\u00a0\u00bb css=\u00a0\u00bb.vc_custom_1681386311831{margin-right: -200px !important;margin-bottom: -70px !important;margin-left: 250px !important;padding-top: 30px !important;padding-right: 30px !important;padding-bottom: 20px !important;padding-left: 30px !important;background-color: #ffffff !important;}\u00a0\u00bb]\n<h2><span style=\"color: #78ab42;\">AGIR<\/span><\/h2>\n<p><span style=\"color: #000000;\">Le dispositif d\u2019Accompagnement Global et Individualis\u00e9 des R\u00e9fugi\u00e9s a pour mission d\u2019accompagner les B\u00e9n\u00e9ficiaires d\u2019une Protection Internationale (BPI) r\u00e9sidants dans l\u2019Aube vers l\u2019acc\u00e8s :<\/span><\/p>\n<ul>\n<li><span style=\"color: #000000;\">\u00a0 \u00a0 \u00a0 &#8211; aux droits<\/span><\/li>\n<li><span style=\"color: #000000;\">\u00a0 \u00a0 \u00a0 &#8211; au logement p\u00e9renne<\/span><\/li>\n<li><span style=\"color: #000000;\">\u00a0 \u00a0 \u00a0 &#8211; \u00e0 la formation<\/span><\/li>\n<li><span style=\"color: #000000;\">\u00a0 \u00a0 \u00a0 &#8211; \u00e0 l\u2019emploi p\u00e9renne<\/span><\/li>\n<\/ul>\n<p><span style=\"color: #000000;\">Les BPI, leur conjoint et leurs enfants mineurs sont \u00e9ligible \u00e0 cet accompagnement :<\/span><\/p>\n<ul>\n<li><span style=\"color: #000000;\">\u00a0 \u00a0 \u00a0 &#8211; R\u00e9fugi\u00e9s<\/span><\/li>\n<li><span style=\"color: #000000;\">\u00a0 \u00a0 \u00a0 &#8211; B\u00e9n\u00e9ficiaires d\u2019une protection subsidiaire<\/span><\/li>\n<li><span style=\"color: #000000;\">\u00a0 \u00a0 \u00a0 &#8211; Rejoignant dans le cadre d\u2019une r\u00e9unification familiale<\/span><\/li>\n<li><span style=\"color: #000000;\">\u00a0 \u00a0 \u00a0 &#8211; Parents d\u2019enfant r\u00e9fugi\u00e9<\/span><\/li>\n<\/ul>\n<p><span style=\"color: #000000;\">L\u2019Office Fran\u00e7ais de l\u2019Immigration et de l\u2019Int\u00e9gration propose l\u2019orientation vers AGIR pendant la signature du Contrat d\u2019Int\u00e9gration R\u00e9publicaine.<br \/>\n<\/span><span style=\"color: #000000;\">Les personnes reconnues BPI en N-1 et pr\u00e9sentant des besoins d\u2019accompagnement peuvent \u00eatre orient\u00e9s par fiche de liaison adress\u00e9e \u00e0 AGIR puis valid\u00e9e par l\u2019OFII.<\/span><\/p>\n<p><span style=\"color: #000000;\">Le dispositif est divis\u00e9 en 2 prestations :<\/span><\/p>\n<ul>\n<li><span style=\"color: #000000;\"><span style=\"color: #333300;\"><strong>\u00a0 \u00a0 \u00a0 &#8211; Prestation 1 <\/strong>:<\/span> accompagnement global, accompagnement social et accompagnement professionnel<\/span><\/li>\n<li><span style=\"color: #000000;\"><span style=\"color: #333300;\"><strong>\u00a0 \u00a0 \u00a0 &#8211; Prestation 2 :<\/strong> <\/span>appui \u00e0 la coordination des acteurs de l\u2019int\u00e9gration\u00a0<\/span><\/li>\n<\/ul>\n<p><span style=\"color: #000000;\">Pour plus d&rsquo;information, n&rsquo;h\u00e9sitez pas \u00e0 consulter<\/span><span style=\"color: #339966;\"> <em><strong><a style=\"color: #339966;\" href=\"\/wp-content\/uploads\/2023\/04\/flyer-agir.pdf\" target=\"_blank\" rel=\"noopener\">la plaquette de pr\u00e9sentation<\/a>\u00a0<\/strong><\/em><\/span>[\/vc_column_text][vc_empty_space height=\u00a0\u00bb100px\u00a0\u00bb css=\u00a0\u00bb.vc_custom_1612183541804{margin-bottom: 0px !important;}\u00a0\u00bb][\/vc_column][\/vc_row][vc_row][vc_column][\/vc_column][\/vc_row]\n<\/div>","protected":false},"excerpt":{"rendered":"<p>[vc_row fullwidth=\u00a0\u00bbtrue\u00a0\u00bb column_padding=\u00a0\u00bb2&Prime; parallax=\u00a0\u00bbcontent-moving-fade\u00a0\u00bb parallax_image=\u00a0\u00bb359&Prime; parallax_speed_bg=\u00a0\u00bb1&Prime; css=\u00a0\u00bb.vc_custom_1612184175160{margin-top: -50px !important;margin-bottom: -100px !important;margin-left: -100px !important;padding-top: 200px !important;padding-bottom: px !important;}\u00a0\u00bb el_class=\u00a0\u00bbaccpb\u00a0\u00bb][vc_column width=\u00a0\u00bb1\/4&Prime; offset=\u00a0\u00bbvc_hidden-xs\u00a0\u00bb][\/vc_column][vc_column width=\u00a0\u00bb1\/2&Prime; css=\u00a0\u00bb.vc_custom_1612184192819{margin-bottom: px !important;border-bottom-width: px !important;padding-left: 100px !important;}\u00a0\u00bb][mk_page_title_box page_title=\u00a0\u00bbAccompagnement des r\u00e9fugi\u00e9s\u00a0\u00bb section_height=\u00a0\u00bb200&Prime; bg_type=\u00a0\u00bbcolor\u00a0\u00bb bg_color=\u00a0\u00bbrgba(10,10,10,0.62)\u00a0\u00bb font_size=\u00a0\u00bb36&Prime; font_color=\u00a0\u00bb#ffffff\u00a0\u00bb underline=\u00a0\u00bbfalse\u00a0\u00bb][\/vc_column][vc_column width=\u00a0\u00bb1\/4&Prime; offset=\u00a0\u00bbvc_hidden-xs\u00a0\u00bb][\/vc_column][\/vc_row][vc_row fullwidth=\u00a0\u00bbtrue\u00a0\u00bb css=\u00a0\u00bb.vc_custom_1540369241012{padding: 30px !important;background-color: #78ab42 !important;}\u00a0\u00bb][vc_column][vc_column_text align=\u00a0\u00bbcenter\u00a0\u00bb css=\u00a0\u00bb.vc_custom_1678460340613{margin-top: px !important;margin-bottom: px !important;}\u00a0\u00bb] Centre Provisoire d&rsquo;H\u00e9bergement [\/vc_column_text][vc_separator [&hellip;]<\/p>\n","protected":false},"author":3,"featured_media":0,"parent":0,"menu_order":0,"comment_status":"closed","ping_status":"closed","template":"","meta":{"footnotes":""},"class_list":["post-3399","page","type-page","status-publish","hentry"],"jetpack_sharing_enabled":true,"_links":{"self":[{"href":"\/index.php\/wp-json\/wp\/v2\/pages\/3399","targetHints":{"allow":["GET"]}}],"collection":[{"href":"\/index.php\/wp-json\/wp\/v2\/pages"}],"about":[{"href":"\/index.php\/wp-json\/wp\/v2\/types\/page"}],"author":[{"embeddable":true,"href":"\/index.php\/wp-json\/wp\/v2\/users\/3"}],"replies":[{"embeddable":true,"href":"\/index.php\/wp-json\/wp\/v2\/comments?post=3399"}],"version-history":[{"count":6,"href":"\/index.php\/wp-json\/wp\/v2\/pages\/3399\/revisions"}],"predecessor-version":[{"id":3456,"href":"\/index.php\/wp-json\/wp\/v2\/pages\/3399\/revisions\/3456"}],"wp:attachment":[{"href":"\/index.php\/wp-json\/wp\/v2\/media?parent=3399"}],"curies":[{"name":"wp","href":"https:\/\/api.w.org\/{rel}","templated":true}]}}