{"id":16,"date":"2018-10-10T08:39:21","date_gmt":"2018-10-10T06:39:21","guid":{"rendered":"http:\/\/192.168.100.2\/wordpress\/?page_id=16"},"modified":"2025-07-04T11:28:49","modified_gmt":"2025-07-04T09:28:49","slug":"chaumont","status":"publish","type":"page","link":"\/index.php\/chaumont\/","title":{"rendered":"Chaumont"},"content":{"rendered":"<div class=\"wpb-content-wrapper\">[vc_row fullwidth=\u00a0\u00bbtrue\u00a0\u00bb column_padding=\u00a0\u00bb2&Prime; parallax=\u00a0\u00bbcontent-moving-fade\u00a0\u00bb parallax_image=\u00a0\u00bb1580&Prime; parallax_speed_bg=\u00a0\u00bb1.2&Prime; css=\u00a0\u00bb.vc_custom_1612864943404{margin-top: -50px !important;padding-top: 200px !important;}\u00a0\u00bb el_class=\u00a0\u00bbacc\u00a0\u00bb][vc_column width=\u00a0\u00bb1\/4&Prime; offset=\u00a0\u00bbvc_hidden-xs\u00a0\u00bb][\/vc_column][vc_column width=\u00a0\u00bb1\/2&Prime;][mk_page_title_box page_title=\u00a0\u00bbChaumont\u00a0\u00bb section_height=\u00a0\u00bb200&Prime; bg_type=\u00a0\u00bbcolor\u00a0\u00bb bg_color=\u00a0\u00bbrgba(10,10,10,0.62)\u00a0\u00bb font_size=\u00a0\u00bb36&Prime; font_color=\u00a0\u00bb#ffffff\u00a0\u00bb underline=\u00a0\u00bbfalse\u00a0\u00bb][\/vc_column][vc_column width=\u00a0\u00bb1\/4&Prime; offset=\u00a0\u00bbvc_hidden-xs\u00a0\u00bb][\/vc_column][\/vc_row][vc_row fullwidth=\u00a0\u00bbtrue\u00a0\u00bb css=\u00a0\u00bb.vc_custom_1540369241012{padding: 30px !important;background-color: #78ab42 !important;}\u00a0\u00bb][vc_column][vc_column_text align=\u00a0\u00bbcenter\u00a0\u00bb css=\u00a0\u00bb.vc_custom_1564670812336{margin-bottom: 0px !important;}\u00a0\u00bb]\n<h1>L&rsquo;AATM \u00e0 Chaumont<\/h1>\n[\/vc_column_text][vc_separator color=\u00a0\u00bbwhite\u00a0\u00bb el_width=\u00a0\u00bb50&Prime;][\/vc_column][\/vc_row][vc_row el_class=\u00a0\u00bbsection-content\u00a0\u00bb][vc_column][vc_tta_tour active_section=\u00a0\u00bb1&Prime;][vc_tta_section title=\u00a0\u00bbC.A.D.A\u00a0\u00bb tab_id=\u00a0\u00bb1611238924747-e2b30e9e-5bab\u00a0\u00bb][vc_row_inner][vc_column_inner width=\u00a0\u00bb1\/2&Prime;][vc_column_text css=\u00a0\u00bb.vc_custom_1751618896689{margin-bottom: 0px !important;}\u00a0\u00bb]\n<h5>CADA HAUTE-MARNE antenne Chaumont<\/h5>\n<p>Cette antenne a ouvert \u00e0 Chaumont le <strong>1er d\u00e9cembre 2022<\/strong>.<\/p>\n<h5>Quelques chiffres<\/h5>\n<p>Avec une capacit\u00e9 d&rsquo;accueil de 20 places, la structure \u00e0 h\u00e9berg\u00e9 35 b\u00e9n\u00e9ficiaires de 16 nationalit\u00e9s diff\u00e9rentes avec une majorit\u00e9 d&rsquo;afghans et congolais (RDC).<\/p>\n<p><em><strong><span style=\"color: #78ab42;\"><a style=\"color: #78ab42;\" href=\"\/index.php\/notre-situation-actuelle\/\" target=\"_blank\" rel=\"noopener\">Pour en savoir plus sur nos missions<\/a><\/span><\/strong><\/em>[\/vc_column_text][\/vc_column_inner][vc_column_inner width=\u00a0\u00bb1\/2&Prime;][vc_column_text css=\u00a0\u00bb.vc_custom_1751618866035{margin-bottom: 0px !important;}\u00a0\u00bb]\n<p style=\"text-align: center;\">Nationalit\u00e9s des personnes suivies en 2024<\/p>\n[\/vc_column_text][vc_round_chart type=\u00a0\u00bbdoughnut\u00a0\u00bb stroke_width=\u00a0\u00bb1&Prime; values=\u00a0\u00bb%5B%7B%22title%22%3A%22Afghane%22%2C%22value%22%3A%226%22%2C%22color%22%3A%22sandy-brown%22%2C%22custom_color%22%3A%22%23f7be68%22%7D%2C%7B%22title%22%3A%22Bangladaise%22%2C%22value%22%3A%222%22%2C%22color%22%3A%22orange%22%2C%22custom_color%22%3A%22%235aa1e3%22%7D%2C%7B%22title%22%3A%22B%C3%A9ninoise%22%2C%22value%22%3A%221%22%2C%22color%22%3A%22violet%22%2C%22custom_color%22%3A%22%23f79468%22%7D%2C%7B%22title%22%3A%22Barbuda%20et%20Antigua%22%2C%22value%22%3A%221%22%2C%22color%22%3A%22black%22%7D%2C%7B%22title%22%3A%22Chinoise%22%2C%22value%22%3A%221%22%2C%22color%22%3A%22peacoc%22%7D%2C%7B%22title%22%3A%22Colombienne%22%2C%22value%22%3A%221%22%2C%22color%22%3A%22chino%22%2C%22custom_color%22%3A%22%23f79468%22%7D%2C%7B%22title%22%3A%22Congolaise%20(RDC)%22%2C%22value%22%3A%225%22%2C%22color%22%3A%22vista-blue%22%7D%2C%7B%22title%22%3A%22Ivoirienne%22%2C%22value%22%3A%223%22%2C%22color%22%3A%22juicy-pink%22%7D%2C%7B%22title%22%3A%22Erythr%C3%A9enne%22%2C%22value%22%3A%222%22%2C%22color%22%3A%22orange%22%2C%22custom_color%22%3A%22%236ab165%22%7D%2C%7B%22title%22%3A%22Ethiopienne%22%2C%22value%22%3A%224%22%2C%22color%22%3A%22green%22%7D%2C%7B%22title%22%3A%22Guin%C3%A9enne%22%2C%22value%22%3A%221%22%2C%22color%22%3A%22juicy-pink%22%2C%22custom_color%22%3A%22%2375d69c%22%7D%2C%7B%22title%22%3A%22Ind%C3%A9termin%C3%A9%22%2C%22value%22%3A%221%22%2C%22color%22%3A%22peacoc%22%2C%22custom_color%22%3A%22%23ff9900%22%7D%2C%7B%22title%22%3A%22Iranienne%22%2C%22value%22%3A%223%22%2C%22color%22%3A%22mulled-wine%22%2C%22custom_color%22%3A%22%236dab3c%22%7D%2C%7B%22title%22%3A%22Malienne%22%2C%22value%22%3A%221%22%2C%22color%22%3A%22grey%22%2C%22custom_color%22%3A%22%2350485b%22%7D%2C%7B%22title%22%3A%22Nig%C3%A9riane%20%22%2C%22value%22%3A%222%22%2C%22color%22%3A%22pink%22%2C%22custom_color%22%3A%22%23f7be68%22%7D%2C%7B%22title%22%3A%22Russe%22%2C%22value%22%3A%221%22%2C%22color%22%3A%22violet%22%2C%22custom_color%22%3A%22%235aa1e3%22%7D%5D\u00a0\u00bb animation=\u00a0\u00bbeaseInOutQuint\u00a0\u00bb css_animation=\u00a0\u00bbslideInDown\u00a0\u00bb][\/vc_column_inner][\/vc_row_inner][\/vc_tta_section][vc_tta_section title=\u00a0\u00bbH.U.D.A\u00a0\u00bb tab_id=\u00a0\u00bb1606493880313-a95055d4-468d\u00a0\u00bb][vc_row_inner][vc_column_inner width=\u00a0\u00bb1\/2&Prime;][vc_column_text css=\u00a0\u00bb.vc_custom_1751619520977{margin-bottom: 0px !important;}\u00a0\u00bb]\n<h5>CAO transform\u00e9 en HUDA<\/h5>\n<p>L\u2019antenne de Chaumont \u00e9t\u00e9 reprise par l&rsquo;AATM le\u00a0<strong>15\/02\/2018<\/strong>\u00a0sous la forme d\u2019un CAO, Centre d\u2019Accueil et d\u2019Orientation.<\/p>\n<p>La r\u00e9forme de 2018 tend vers une simplification et une structuration du parc d\u2019h\u00e9bergement autour de 3 dispositifs : CAES, HUDA et CADA, contre 6 auparavant (CAES, CAO, HUDA, CADA, ATSA et PRADHA).<\/p>\n<p>C\u2019est ainsi que l\u2019information du 31 d\u00e9cembre 2018 relative au parc d\u2019h\u00e9bergement des demandeurs d\u2019asile met en \u0153uvre un plan de fermeture des CAO \u00e0 la fin du 1<sup>er<\/sup> semestre 2020 au plus tard, invitant prioritairement \u00e0 les transformer en HUDA cit\u00e9 comme h\u00e9bergement adapt\u00e9 aux personnes sous proc\u00e9dure Dublin ou en proc\u00e9dure acc\u00e9l\u00e9r\u00e9e. Le CAO de Chaumont s\u2019est donc transform\u00e9 en HUDA au 01\/07\/2020.<\/p>\n<h5>Quelques chiffres<\/h5>\n<p>En 2024, l&rsquo;HUDA de Chaumont a accueilli 57 personnes provenant exclusivement de la r\u00e9gion Grand Est.<\/p>\n<p>Au total sur la p\u00e9riode, ce sont 109 personnes qui ont \u00e9t\u00e9 accompagn\u00e9es de 25 nationalit\u00e9s diff\u00e9rentes.<\/p>\n<p>La moyenne d&rsquo;\u00e2ge est plut\u00f4t jeune avec 79% des r\u00e9sidents ayant moins de 36 ans.<\/p>\n<p><em><strong><a href=\"\/index.php\/centre-dhebergement\/\" target=\"_blank\" rel=\"noopener\"><span style=\"color: #78ab42;\">Pour en savoir plus sur nos missions<\/span><\/a><\/strong><\/em>[\/vc_column_text][\/vc_column_inner][vc_column_inner width=\u00a0\u00bb1\/2&Prime;][vc_column_text css=\u00a0\u00bb.vc_custom_1751619527513{margin-bottom: 0px !important;}\u00a0\u00bb]\n<p style=\"text-align: center;\">Nationalit\u00e9s r\u00e9sidents pr\u00e9sents en 2024<\/p>\n[\/vc_column_text][vc_line_chart legend=\u00a0\u00bb\u00a0\u00bb x_values=\u00a0\u00bbAfghane; Bangladaise; Camerounaise; Centrafricaine; Congolaise (Brazza); Congolaise (RDC); Egyptienne; Erythr\u00e9enne; Georgienne; Guin\u00e9enne; Irakienne; Iranienne; Ivoirienne; Libanaise; Malienne; Mauritanienne; Nig\u00e9riane; Pakistanaise; Palestinienne; Russe; Somalienne; Soudanaise; Togolaise; Turque; Ukrainienne\u00a0\u00bb values=\u00a0\u00bb%5B%7B%22title%22%3A%22Un%22%2C%22y_values%22%3A%2227%3B%201%3B%201%3B%201%3B%201%3B%205%3B%201%3B%201%3B%201%3B%2015%3B%201%3B%203%3B%209%3B%201%3B%204%3B%202%3B%205%3B%202%3B%201%3B%203%3B%201%3B%2012%3B%201%3B%205%3B%205%22%2C%22color%22%3A%22violet%22%7D%5D\u00a0\u00bb][\/vc_column_inner][\/vc_row_inner][\/vc_tta_section][vc_tta_section title=\u00a0\u00bbA.D.L.E.R\u00a0\u00bb tab_id=\u00a0\u00bb1721312880893-18a004f7-9741&Prime;][vc_row_inner][vc_column_inner width=\u00a0\u00bb1\/2&Prime;][vc_column_text css=\u00a0\u00bb.vc_custom_1751620903456{margin-bottom: 0px !important;}\u00a0\u00bb]\n<h5>ADLER HAUTE-MARNE<\/h5>\n<p>Ce service a ouvert en Haute-Marne le <strong>1er juillet 2018<\/strong>.<\/p>\n<h5>Quelques chiffres<\/h5>\n<p>En 2024, 22 b\u00e9n\u00e9ficiaires de 6 nationalit\u00e9s diff\u00e9rentes ont \u00e9t\u00e9 accompagn\u00e9s sur ce dispositif par les \u00e9quipes de Chaumont.<\/p>\n<p><em><strong><span style=\"color: #78ab42;\"><a style=\"color: #78ab42;\" href=\"\/index.php\/accompagnement-des-bpi\/\" target=\"_blank\" rel=\"noopener\">Pour en savoir plus sur nos missions<\/a><\/span><\/strong><\/em>[\/vc_column_text][\/vc_column_inner][vc_column_inner width=\u00a0\u00bb1\/2&Prime;][vc_column_text css=\u00a0\u00bb.vc_custom_1751619842240{margin-bottom: 0px !important;}\u00a0\u00bb]\n<p style=\"text-align: center;\">Nationalit\u00e9s des personnes suivies en 2024<\/p>\n[\/vc_column_text][vc_round_chart type=\u00a0\u00bbdoughnut\u00a0\u00bb stroke_width=\u00a0\u00bb1&Prime; values=\u00a0\u00bb%5B%7B%22title%22%3A%22Afghane%22%2C%22value%22%3A%2220%22%2C%22color%22%3A%22sandy-brown%22%2C%22custom_color%22%3A%22%23f7be68%22%7D%2C%7B%22title%22%3A%22Bangladaise%22%2C%22value%22%3A%222%22%2C%22color%22%3A%22vista-blue%22%7D%2C%7B%22title%22%3A%22Camerounaise%22%2C%22value%22%3A%223%22%2C%22color%22%3A%22orange%22%2C%22custom_color%22%3A%22%235aa1e3%22%7D%2C%7B%22title%22%3A%22Ethiopienne%22%2C%22value%22%3A%224%22%2C%22color%22%3A%22violet%22%2C%22custom_color%22%3A%22%23f79468%22%7D%2C%7B%22title%22%3A%22G%C3%A9orgienne%20%22%2C%22value%22%3A%222%22%2C%22color%22%3A%22peacoc%22%7D%2C%7B%22title%22%3A%22Soudanaise%22%2C%22value%22%3A%226%22%2C%22color%22%3A%22juicy-pink%22%2C%22custom_color%22%3A%22%236ab165%22%7D%2C%7B%22title%22%3A%22Ukrainienne%22%2C%22value%22%3A%225%22%2C%22color%22%3A%22mulled-wine%22%2C%22custom_color%22%3A%22%23ff9900%22%7D%2C%7B%22title%22%3A%22Y%C3%A9m%C3%A9nite%20%22%2C%22value%22%3A%221%22%2C%22color%22%3A%22sky%22%2C%22custom_color%22%3A%22%23f79468%22%7D%5D\u00a0\u00bb animation=\u00a0\u00bbeaseInOutQuint\u00a0\u00bb css_animation=\u00a0\u00bbslideInDown\u00a0\u00bb][\/vc_column_inner][\/vc_row_inner][\/vc_tta_section][vc_tta_section title=\u00a0\u00bbA.G.I.R\u00a0\u00bb tab_id=\u00a0\u00bb1751621209248-a3a99c76-3705&Prime;][vc_row_inner][vc_column_inner width=\u00a0\u00bb2\/3&Prime;][vc_column_text css=\u00a0\u00bb.vc_custom_1751621300607{margin-bottom: 0px !important;}\u00a0\u00bb]\n<h5>CADA HAUTE-MARNE antenne Chaumont<\/h5>\n<p>Cette antenne a ouvert \u00e0 Chaumont le <strong>1er d\u00e9cembre 2022<\/strong>.<\/p>\n<h5>Quelques chiffres<\/h5>\n<p>En 2024, 20BPI ont sign\u00e9 le Contrat d\u2019Engagement R\u00e9ciproque (CER) avec le dispositif AGIR Haute-Marne.<\/p>\n<p><em><strong><span style=\"color: #78ab42;\"><a style=\"color: #78ab42;\" href=\"\/index.php\/notre-situation-actuelle\/\" target=\"_blank\" rel=\"noopener\">Pour en savoir plus sur nos missions<\/a><\/span><\/strong><\/em>[\/vc_column_text][\/vc_column_inner][vc_column_inner width=\u00a0\u00bb1\/3&Prime;][vc_column_text css=\u00a0\u00bb.vc_custom_1751621353767{margin-bottom: 0px !important;}\u00a0\u00bb]\n<p style=\"text-align: center;\">Tranche d&rsquo;\u00e2ge des BPI signatairs en 2024<\/p>\n[\/vc_column_text][vc_line_chart legend=\u00a0\u00bb\u00a0\u00bb x_values=\u00a0\u00bb18-19 ans; 20-29 ans; 30-39 ans; 40-49 ans; Plus de 50 ans\u00a0\u00bb values=\u00a0\u00bb%5B%7B%22y_values%22%3A%220%3B%2012%3B%206%3B%200%3B%203%22%2C%22color%22%3A%22vista-blue%22%7D%5D\u00a0\u00bb][\/vc_column_inner][\/vc_row_inner][\/vc_tta_section][\/vc_tta_tour][\/vc_column][\/vc_row][vc_row fullwidth=\u00a0\u00bbtrue\u00a0\u00bb disable_element=\u00a0\u00bbyes\u00a0\u00bb css=\u00a0\u00bb.vc_custom_1565097996257{padding-top: 30px !important;padding-right: 30px !important;padding-bottom: 30px !important;padding-left: 30px !important;background-color: #78ab42 !important;}\u00a0\u00bb][vc_column_text align=\u00a0\u00bbcenter\u00a0\u00bb]\n<h1>Notre actualit\u00e9<\/h1>\n[\/vc_column_text][vc_separator color=\u00a0\u00bbwhite\u00a0\u00bb el_width=\u00a0\u00bb50&Prime;][\/vc_row][vc_row fullwidth=\u00a0\u00bbtrue\u00a0\u00bb visibility=\u00a0\u00bbhidden-sm\u00a0\u00bb disable_element=\u00a0\u00bbyes\u00a0\u00bb css=\u00a0\u00bb.vc_custom_1565098004366{margin-top: 20px !important;margin-bottom: 18px !important;padding-top: 0px !important;padding-right: 0px !important;padding-bottom: 0px !important;padding-left: 0px !important;}\u00a0\u00bb][vc_column][vc_basic_grid post_type=\u00a0\u00bbpost\u00a0\u00bb max_items=\u00a0\u00bb10&Prime; style=\u00a0\u00bbpagination\u00a0\u00bb items_per_page=\u00a0\u00bb2&Prime; element_width=\u00a0\u00bb6&Prime; arrows_design=\u00a0\u00bbvc_arrow-icon-arrow_02_left\u00a0\u00bb arrows_position=\u00a0\u00bboutside\u00a0\u00bb arrows_color=\u00a0\u00bbblack\u00a0\u00bb paging_design=\u00a0\u00bbsquare_dots\u00a0\u00bb loop=\u00a0\u00bbyes\u00a0\u00bb item=\u00a0\u00bb411&Prime; grid_id=\u00a0\u00bbvc_gid:1751621206032-eed253b3-e41f-8&Prime; css=\u00a0\u00bb.vc_custom_1540799761552{margin-top: 10px !important;margin-right: 30px !important;margin-bottom: 30px !important;margin-left: 30px !important;}\u00a0\u00bb taxonomies=\u00a0\u00bb12&Prime; paging_animation_in=\u00a0\u00bbfadeIn\u00a0\u00bb paging_animation_out=\u00a0\u00bbfadeOut\u00a0\u00bb el_class=\u00a0\u00bbaatm-post-grid\u00a0\u00bb][\/vc_column][\/vc_row][vc_row visibility=\u00a0\u00bbvisible-sm\u00a0\u00bb disable_element=\u00a0\u00bbyes\u00a0\u00bb css=\u00a0\u00bb.vc_custom_1565098009962{margin-top: 35px !important;margin-bottom: 35px !important;padding-top: 0px !important;padding-right: 0px !important;padding-bottom: 0px !important;padding-left: 0px !important;}\u00a0\u00bb][vc_column][vc_basic_grid post_type=\u00a0\u00bbpost\u00a0\u00bb max_items=\u00a0\u00bb10&Prime; style=\u00a0\u00bbpagination\u00a0\u00bb items_per_page=\u00a0\u00bb1&Prime; element_width=\u00a0\u00bb12&Prime; arrows_design=\u00a0\u00bbvc_arrow-icon-arrow_02_left\u00a0\u00bb arrows_position=\u00a0\u00bboutside\u00a0\u00bb arrows_color=\u00a0\u00bbblack\u00a0\u00bb paging_design=\u00a0\u00bbsquare_dots\u00a0\u00bb loop=\u00a0\u00bbyes\u00a0\u00bb item=\u00a0\u00bbbasicGrid_ScaleInWithRotation\u00a0\u00bb grid_id=\u00a0\u00bbvc_gid:1751621206034-f7c8eb39-50dc-0&Prime; css=\u00a0\u00bb.vc_custom_1540819691836{margin-top: 10px !important;margin-right: 30px !important;margin-bottom: 30px !important;margin-left: 30px !important;}\u00a0\u00bb taxonomies=\u00a0\u00bb12&Prime; paging_animation_in=\u00a0\u00bbfadeIn\u00a0\u00bb paging_animation_out=\u00a0\u00bbfadeOut\u00a0\u00bb el_class=\u00a0\u00bbaatm-post-grid\u00a0\u00bb][\/vc_column][\/vc_row][vc_row fullwidth=\u00a0\u00bbtrue\u00a0\u00bb css=\u00a0\u00bb.vc_custom_1540369241012{padding: 30px !important;background-color: #78ab42 !important;}\u00a0\u00bb][vc_column][vc_column_text align=\u00a0\u00bbcenter\u00a0\u00bb css=\u00a0\u00bb.vc_custom_1540383427203{margin-bottom: 0px !important;}\u00a0\u00bb]\n<h1>Contact<\/h1>\n[\/vc_column_text][vc_separator color=\u00a0\u00bbwhite\u00a0\u00bb el_width=\u00a0\u00bb50&Prime;][\/vc_column][\/vc_row][vc_row fullwidth=\u00a0\u00bbtrue\u00a0\u00bb column_padding=\u00a0\u00bb2&Prime; css=\u00a0\u00bb.vc_custom_1612971221434{margin-top: 30px !important;margin-bottom: 30px !important;}\u00a0\u00bb][vc_column width=\u00a0\u00bb1\/3&Prime;][vc_hoverbox image=\u00a0\u00bb3520&Prime; primary_title=\u00a0\u00bbHUDA\u00a0\u00bb hover_title=\u00a0\u00bbContact\u00a0\u00bb shape=\u00a0\u00bbsquare\u00a0\u00bb hover_background_color=\u00a0\u00bbcustom\u00a0\u00bb hover_custom_background=\u00a0\u00bb#8ec14a\u00a0\u00bb]\n<p style=\"text-align: center;\"><a href=\"mailto:huda.aatm.chaumont@gmail.com\" target=\"_blank\" rel=\"noopener\"><span style=\"color: #ffffff;\">huda.aatm.chaumont@gmail.com<\/span><\/a><\/p>\n<h4 style=\"text-align: center;\"><span style=\"color: #ffffff;\">47 rue L\u00e9vy Alphand\u00e9ry<\/span><\/h4>\n<h4 style=\"text-align: center;\"><span style=\"color: #ffffff;\">52 000 CHAUMONT<\/span><\/h4>\n<h4 style=\"text-align: center;\"><span style=\"color: #ffffff;\">03 25 01 60 28\u00a0 &#8211;\u00a0 07 72 39 02 80<\/span><\/h4>\n[\/vc_hoverbox][\/vc_column][vc_column width=\u00a0\u00bb1\/3&Prime;][vc_hoverbox image=\u00a0\u00bb3520&Prime; primary_title=\u00a0\u00bbCADA\u00a0\u00bb hover_title=\u00a0\u00bbContact\u00a0\u00bb shape=\u00a0\u00bbsquare\u00a0\u00bb hover_background_color=\u00a0\u00bbcustom\u00a0\u00bb hover_custom_background=\u00a0\u00bb#8ec14a\u00a0\u00bb]\n<p style=\"text-align: center;\"><a href=\"mailto:huda.aatm.chaumont@gmail.com\" target=\"_blank\" rel=\"noopener\"><span style=\"color: #ffffff;\">cada52.antenne-chaumont@gmail.com<\/span><\/a><\/p>\n<h4 style=\"text-align: center;\"><span style=\"color: #ffffff;\">47 rue L\u00e9vy Alphand\u00e9ry<\/span><\/h4>\n<h4 style=\"text-align: center;\"><span style=\"color: #ffffff;\">52 000 CHAUMONT<\/span><\/h4>\n<h4 style=\"text-align: center;\"><span style=\"color: #ffffff;\">03 25 30 73 73\u00a0 &#8211;\u00a0 06 40 11 00 32<\/span><\/h4>\n[\/vc_hoverbox][\/vc_column][vc_column width=\u00a0\u00bb1\/3&Prime;][vc_hoverbox image=\u00a0\u00bb3520&Prime; primary_title=\u00a0\u00bbAGIR 52&Prime; hover_title=\u00a0\u00bbContact\u00a0\u00bb shape=\u00a0\u00bbsquare\u00a0\u00bb hover_background_color=\u00a0\u00bbcustom\u00a0\u00bb hover_custom_background=\u00a0\u00bb#8ec14a\u00a0\u00bb]\n<p style=\"text-align: center;\"><a href=\"mailto:refugies.haute-marne@aatm.fr\" target=\"_blank\" rel=\"noopener\"><span style=\"color: #ffffff;\">agir52@aatm.fr<\/span><\/a><\/p>\n<h4 style=\"text-align: center;\"><span style=\"color: #ffffff;\">47 rue L\u00e9vy Alphand\u00e9ry, 2\u00e8me \u00e9tage<\/span><\/h4>\n<h4 style=\"text-align: center;\"><span style=\"color: #ffffff;\">52 000 CHAUMONT<\/span><\/h4>\n<h4 style=\"text-align: center;\"><span style=\"color: #ffffff;\">03 25 30 73 75<\/span><\/h4>\n[\/vc_hoverbox][\/vc_column][\/vc_row][vc_row fullwidth=\u00a0\u00bbtrue\u00a0\u00bb][vc_column][vc_raw_html]JTNDaWZyYW1lJTIwc3JjJTNEJTIyaHR0cHMlM0ElMkYlMkZhcGkuamF3Zy5pbyUyRm1hcHMlMkZlZmM5NThmNC0yNjc1LTQ5NGEtYjEwZi1kMDJkMDJlN2U3M2IlMkY5NjMzZTcxZC1hYjBiLTQwZDUtYWM1ZS01ZDkwZDBmYTBhYTcuaHRtbCUzRmFjY2Vzcy10b2tlbiUzRFdmWndqajBSdU1SdUU4bmlLNGUxM0Z6a29vUVo2ZG1hOWpYZTdielRlUklyWFE5c1lRZmwwRjMxTjh0WWJhVWElMjMxNS42OTcxNzU2MjM4NjM2OTglMkY0OC4xMDI2MDM2NjA2NTE2NSUyRjUuMTM1MDgzODA1MDYyNTUlMjIlMjB3aWR0aCUzRCUyMjUwMHB4JTIyJTIwaGVpZ2h0JTNEJTIyMzAwcHglMjIlM0UlM0MlMkZpZnJhbWUlM0U=[\/vc_raw_html][\/vc_column][\/vc_row]\n<\/div>","protected":false},"excerpt":{"rendered":"<p>[vc_row fullwidth=\u00a0\u00bbtrue\u00a0\u00bb column_padding=\u00a0\u00bb2&Prime; parallax=\u00a0\u00bbcontent-moving-fade\u00a0\u00bb parallax_image=\u00a0\u00bb1580&Prime; parallax_speed_bg=\u00a0\u00bb1.2&Prime; css=\u00a0\u00bb.vc_custom_1612864943404{margin-top: -50px !important;padding-top: 200px !important;}\u00a0\u00bb el_class=\u00a0\u00bbacc\u00a0\u00bb][vc_column width=\u00a0\u00bb1\/4&Prime; offset=\u00a0\u00bbvc_hidden-xs\u00a0\u00bb][\/vc_column][vc_column width=\u00a0\u00bb1\/2&Prime;][mk_page_title_box page_title=\u00a0\u00bbChaumont\u00a0\u00bb section_height=\u00a0\u00bb200&Prime; bg_type=\u00a0\u00bbcolor\u00a0\u00bb bg_color=\u00a0\u00bbrgba(10,10,10,0.62)\u00a0\u00bb font_size=\u00a0\u00bb36&Prime; font_color=\u00a0\u00bb#ffffff\u00a0\u00bb underline=\u00a0\u00bbfalse\u00a0\u00bb][\/vc_column][vc_column width=\u00a0\u00bb1\/4&Prime; offset=\u00a0\u00bbvc_hidden-xs\u00a0\u00bb][\/vc_column][\/vc_row][vc_row fullwidth=\u00a0\u00bbtrue\u00a0\u00bb css=\u00a0\u00bb.vc_custom_1540369241012{padding: 30px !important;background-color: #78ab42 !important;}\u00a0\u00bb][vc_column][vc_column_text align=\u00a0\u00bbcenter\u00a0\u00bb css=\u00a0\u00bb.vc_custom_1564670812336{margin-bottom: 0px !important;}\u00a0\u00bb] L&rsquo;AATM \u00e0 Chaumont [\/vc_column_text][vc_separator color=\u00a0\u00bbwhite\u00a0\u00bb el_width=\u00a0\u00bb50&Prime;][\/vc_column][\/vc_row][vc_row el_class=\u00a0\u00bbsection-content\u00a0\u00bb][vc_column][vc_tta_tour active_section=\u00a0\u00bb1&Prime;][vc_tta_section title=\u00a0\u00bbC.A.D.A\u00a0\u00bb tab_id=\u00a0\u00bb1611238924747-e2b30e9e-5bab\u00a0\u00bb][vc_row_inner][vc_column_inner width=\u00a0\u00bb1\/2&Prime;][vc_column_text css=\u00a0\u00bb.vc_custom_1751618896689{margin-bottom: 0px !important;}\u00a0\u00bb] CADA HAUTE-MARNE antenne Chaumont Cette antenne a [&hellip;]<\/p>\n","protected":false},"author":1,"featured_media":0,"parent":0,"menu_order":0,"comment_status":"closed","ping_status":"closed","template":"","meta":{"footnotes":""},"class_list":["post-16","page","type-page","status-publish","hentry"],"jetpack_sharing_enabled":true,"_links":{"self":[{"href":"\/index.php\/wp-json\/wp\/v2\/pages\/16","targetHints":{"allow":["GET"]}}],"collection":[{"href":"\/index.php\/wp-json\/wp\/v2\/pages"}],"about":[{"href":"\/index.php\/wp-json\/wp\/v2\/types\/page"}],"author":[{"embeddable":true,"href":"\/index.php\/wp-json\/wp\/v2\/users\/1"}],"replies":[{"embeddable":true,"href":"\/index.php\/wp-json\/wp\/v2\/comments?post=16"}],"version-history":[{"count":78,"href":"\/index.php\/wp-json\/wp\/v2\/pages\/16\/revisions"}],"predecessor-version":[{"id":4118,"href":"\/index.php\/wp-json\/wp\/v2\/pages\/16\/revisions\/4118"}],"wp:attachment":[{"href":"\/index.php\/wp-json\/wp\/v2\/media?parent=16"}],"curies":[{"name":"wp","href":"https:\/\/api.w.org\/{rel}","templated":true}]}}